{"id":735,"date":"2017-03-06T22:02:47","date_gmt":"2017-03-06T21:02:47","guid":{"rendered":"http:\/\/mutaze.nl\/?page_id=735"},"modified":"2020-08-26T12:58:34","modified_gmt":"2020-08-26T10:58:34","slug":"charllotte-karlsted-singer-and-songwriter","status":"publish","type":"page","link":"http:\/\/mutaze.nl\/index.php\/charllotte-karlsted-singer-and-songwriter\/","title":{"rendered":"Charllotte Karlsted, singer and songwriter"},"content":{"rendered":"<p><span style=\"color: #ffffff;\">Haar inspiratiebronnen zijn onder andere Joni Mitchell, Kate Bush, Wayne Shorter, Dianne Reeves, Silje Nergaard, Monika Zetterlund, Moloko, Massive Attack, Joe Jackson en Bobby mcFerrin. Ook herkenbaar in Charllotte\u2019s stijl zijn de, tijdens haar studie ontdekte, Scandinavische invloeden, waaronder Zweedse herdersmuziek. Deze hebben haar geluid en specifieke stemgebruik be\u00efnvloed\u2026<\/span><\/p>\n<p><span style=\"color: #ffffff;\"><a style=\"color: #ffffff;\" href=\"http:\/\/charllottemusic.com\/#1484857275643-e5eb8edb-94c0\" target=\"_blank\" rel=\"noopener noreferrer\"><img decoding=\"async\" loading=\"lazy\" class=\"alignleft size-medium wp-image-736\" src=\"http:\/\/mutaze.nl\/wp-content\/uploads\/2017\/03\/Charllotte-Cover-HR-300x268.jpg\" alt=\"\" width=\"300\" height=\"268\" srcset=\"http:\/\/mutaze.nl\/wp-content\/uploads\/2017\/03\/Charllotte-Cover-HR-300x268.jpg 300w, http:\/\/mutaze.nl\/wp-content\/uploads\/2017\/03\/Charllotte-Cover-HR-768x686.jpg 768w, http:\/\/mutaze.nl\/wp-content\/uploads\/2017\/03\/Charllotte-Cover-HR-1024x914.jpg 1024w, http:\/\/mutaze.nl\/wp-content\/uploads\/2017\/03\/Charllotte-Cover-HR-336x300.jpg 336w, http:\/\/mutaze.nl\/wp-content\/uploads\/2017\/03\/Charllotte-Cover-HR.jpg 1700w\" sizes=\"(max-width: 300px) 100vw, 300px\" \/><\/a><\/span><\/p>\n<p><span style=\"color: #ffffff;\">Songwriter en vocaliste Charllotte werd in het Duitse Jever geboren en woonde in haar jeugd op verschillende plekken in Duitsland en Engeland. Dankzij haar Zweedse moeder bracht Charllotte in haar jeugd ook veel tijd in Zweden door. Op haar negentiende zong Charllotte voor het eerst in bandjes en verdiepte zij zich in het Duitse cabaret van Brecht, Weil en Eisler. Niet veel later maakte zij kennis met jazz. Ze viel bij de Jazzdagen in Trier de prijzen als veelbelovend jazztalent. Ze verhuisde naar Keulen, waar ze de levendige jazzscene indook, in muziektheater producties meedeed en werkte als straatmuzikant. Maar ze trad ook op met jazzcombo\u2019s en big bands\u2026 Het was in deze tijd dat Charllotte besloot om van muziek \u00e9cht haar beroep te maken. Ze verhuisde naar Amsterdam om aan het conservatorium te studeren bij Lydia van Dam, Sylvie Lane en Annett Andriessen. Ze volgde masterclasses bij Edwin Rutten, Michiel Borstlap, Mark Murphy, Bobby mcFerrin, Dianne Reeves en Tuck &amp; Patti en ze heeft inmiddels drie eigen albums en vier ep\u2019s op haar naam staan.<\/span><\/p>\n<p><span style=\"color: #ffffff;\">Op haar debuutalbum \u2018Wish in the dark\u2019 (2007) \u201cis duidelijk te horen dat haar hart meezingt\u201d (MusicfromNL). De plaat werd dan ook met maar liefst vier sterren gewaardeerd door Platomania. Met onder meer Thijs Cuppen, Sven Schuster en Joost Kesselaar tourde Charllotte langs internationale festivals, zoals het Peace festival (FR) en North Sea Round Town. Charllottes tweede cd \u2019Vingar\u2019 (Zweeds voor \u2018vleugels\u2019) kwam uit in 2010 en hierop zingt zij volledig in het Zweeds. Met de virtuoze pianist Kino Haitsma richte zij in 2013 het piano-vocal duo \u201cKinolotta\u201d op. Charllotte\u2019s actuele album \u2018Charllotte\u2019 (april 2016) bewijst haar veelzijdigheid en diepgang als vocaliste en songwriter. Op het album staat voornamelijk eigen werk, met teksten in drie talen: Engels, Duits en Zweeds. Elke taal vertegenwoordigd een bepaald aspect en gevoel van Charllotte\u2019s muzikale identiteit. Samen met Wilco Koster en Dave Sahanaja cre\u00ebert zij haar muziek in een meer elektronische setting dan voorheen. De release vond plaats in de uitverkochte Desmet Studio\u2019s te Amsterdam, voor een laaiend enthousiast publiek. En de Nederlandse pers deelt het enthousiasme!<\/span><\/p>\n<p><span style=\"color: #ffffff;\">\u201dAlsof er iets volstrekt natuurlijks gebeurt, alsof er iets is dat zo moest zijn, altijd al&#8230; innemend en intiem, subtiel, speels, oprecht, open en zeer muzikaal!\u201d (Frank Huser, Jazzflits)<\/span><\/p>\n<p><span style=\"color: #ffffff;\"><a style=\"color: #ffffff;\" href=\"http:\/\/charllottemusic.com\/#1484857301780-3ff1900e-c9ee\" target=\"_blank\" rel=\"noopener noreferrer\"><img decoding=\"async\" loading=\"lazy\" class=\"alignleft size-medium wp-image-737\" src=\"http:\/\/mutaze.nl\/wp-content\/uploads\/2017\/03\/Charllotte-Live5LR-200x300.jpg\" alt=\"\" width=\"200\" height=\"300\" srcset=\"http:\/\/mutaze.nl\/wp-content\/uploads\/2017\/03\/Charllotte-Live5LR-200x300.jpg 200w, http:\/\/mutaze.nl\/wp-content\/uploads\/2017\/03\/Charllotte-Live5LR-768x1152.jpg 768w, http:\/\/mutaze.nl\/wp-content\/uploads\/2017\/03\/Charllotte-Live5LR-683x1024.jpg 683w, http:\/\/mutaze.nl\/wp-content\/uploads\/2017\/03\/Charllotte-Live5LR.jpg 1365w\" sizes=\"(max-width: 200px) 100vw, 200px\" \/><\/a>&#8220;De doeltreffende arrangementen, de smaakvolle geluidsproductie, de karakteristieke stem van Charllotte en de verschuiving meer de Popkant geven de richting aan waar Charllotte de komende jaren succesvol mee verder kan.&#8221; &#8211; RakenDRA Smit, Muziekwereld<\/span><\/p>\n<p><span style=\"color: #ffffff;\">&#8220;KOMM HER is intruiging. In her Swedish song V\u00c4STANVIK she displays a wide vocal range. And TR\u00d6STL\u00c5T is a playful gem. She is vocally very able in general, this she demonstrates in the more jazzy YOU ARE THE ONE. The funky song HOLLER is very strong, too.&#8221; &#8211; Rik van Boekel, Jazzism ****<\/span><\/p>\n<p>website<span style=\"color: #ff00ff;\"> <a style=\"color: #ff00ff;\" href=\"http:\/\/charllottemusic.com\/#music\">&#8220;CHARLLOTTE&#8221;<\/a><\/span><\/p>\n<p>wil je via ons in contact komen met &#8220;CHARLLOTTE&#8221; stuur dan je verzoek naar <span style=\"color: #ff00ff;\"><a style=\"color: #ff00ff;\" href=\"mailto:info.mutaze@gmail.com\">info.mutaze@gmail.com<\/a><\/span><\/p>\n","protected":false},"excerpt":{"rendered":"<p>Haar inspiratiebronnen zijn onder andere Joni Mitchell, Kate Bush, Wayne Shorter, Dianne Reeves, Silje Nergaard, Monika Zetterlund, Moloko, Massive Attack, Joe Jackson en Bobby mcFerrin. Ook herkenbaar in Charllotte\u2019s stijl zijn de, tijdens haar studie ontdekte, Scandinavische invloeden, waaronder Zweedse &hellip; <a href=\"http:\/\/mutaze.nl\/index.php\/charllotte-karlsted-singer-and-songwriter\/\">Continue reading <span class=\"meta-nav\">&rarr;<\/span><\/a><\/p>\n","protected":false},"author":1,"featured_media":0,"parent":0,"menu_order":0,"comment_status":"closed","ping_status":"closed","template":"","meta":[],"_links":{"self":[{"href":"http:\/\/mutaze.nl\/index.php\/wp-json\/wp\/v2\/pages\/735"}],"collection":[{"href":"http:\/\/mutaze.nl\/index.php\/wp-json\/wp\/v2\/pages"}],"about":[{"href":"http:\/\/mutaze.nl\/index.php\/wp-json\/wp\/v2\/types\/page"}],"author":[{"embeddable":true,"href":"http:\/\/mutaze.nl\/index.php\/wp-json\/wp\/v2\/users\/1"}],"replies":[{"embeddable":true,"href":"http:\/\/mutaze.nl\/index.php\/wp-json\/wp\/v2\/comments?post=735"}],"version-history":[{"count":3,"href":"http:\/\/mutaze.nl\/index.php\/wp-json\/wp\/v2\/pages\/735\/revisions"}],"predecessor-version":[{"id":1136,"href":"http:\/\/mutaze.nl\/index.php\/wp-json\/wp\/v2\/pages\/735\/revisions\/1136"}],"wp:attachment":[{"href":"http:\/\/mutaze.nl\/index.php\/wp-json\/wp\/v2\/media?parent=735"}],"curies":[{"name":"wp","href":"https:\/\/api.w.org\/{rel}","templated":true}]}}